{"id":1269,"date":"2014-05-24T16:41:39","date_gmt":"2014-05-24T16:41:39","guid":{"rendered":"https:\/\/thecounsellinggroup.com\/home\/"},"modified":"2025-04-10T13:49:51","modified_gmt":"2025-04-10T17:49:51","slug":"home","status":"publish","type":"page","link":"http:\/\/thecounsellinggroup.com\/fr\/","title":{"rendered":"Accueil"},"content":{"rendered":"<p>&nbsp;<\/p>\n<h2>Nous sommes tous confront\u00e9s \u00e0 des d\u00e9fis dans notre vie. Nous en g\u00e9rons certains par nous-m\u00eames, avec d&rsquo;autres, nous avons besoin d&rsquo;aide.<\/h2>\n<p>&nbsp;<\/p>\n<p>Le Counseling Group offre une gamme compl\u00e8te de services de conseil et de soutien pour les enfants, les jeunes et les adultes. Nous proposons des consultations individuelles, de couple et familiales, ainsi que des consultations de groupe ax\u00e9es sur des questions sp\u00e9cifiques, telles que la gestion de la col\u00e8re ou le deuil. Bon nombre de nos services sont \u00e9galement offerts en anglais, en fran\u00e7ais, en espagnol et en arabe.<\/p>\n<p><strong>Quels que soient les d\u00e9fis auxquels vous faites face, nous d\u00e9ployons beaucoup d\u2019efforts pour veiller \u00e0 ce que vous soyez jumel\u00e9 au professionnel de la sant\u00e9 mentale appropri\u00e9.<\/strong> Toutes les demandes de counseling peuvent \u00eatre pr\u00e9sent\u00e9es \u00e0 un agent d\u2019accueil. Le r\u00f4le de l\u2019agent d\u2019accueil est de vous aider \u00e0 examiner vos options en mati\u00e8re de counseling et \u00e0 choisir un professionnel de la sant\u00e9 mentale qui vous convient et qui poss\u00e8de la sp\u00e9cialisation dans les domaines qui vous pr\u00e9occupent, et qui pr\u00e9occupent votre partenaire, votre enfant ou votre famille.<\/p>\n<p><strong>Ne laissez pas votre situation financi\u00e8re vous dissuader de chercher de l\u2019aide.<\/strong> Nos frais sont abordables et peuvent \u00eatre offerts selon une \u00e9chelle mobile. Nos services sont \u00e9galement couverts par la plupart des r\u00e9gimes de soins de sant\u00e9 et d\u2019assurance priv\u00e9s et au travail.<\/p>\n","protected":false},"excerpt":{"rendered":"<p>&nbsp; Nous sommes tous confront\u00e9s \u00e0 des d\u00e9fis dans notre vie. Nous en g\u00e9rons certains par nous-m\u00eames,&#8230;<a class=\"more-link\" href=\"http:\/\/thecounsellinggroup.com\/fr\/\">Lire la suite &raquo;<\/a><\/p>\n","protected":false},"author":6,"featured_media":1270,"parent":0,"menu_order":34,"comment_status":"closed","ping_status":"closed","template":"","meta":{"_acf_changed":false,"footnotes":""},"class_list":["post-1269","page","type-page","status-publish","has-post-thumbnail","hentry"],"acf":[],"yoast_head":"<!-- This site is optimized with the Yoast SEO plugin v27.5 - https:\/\/yoast.com\/product\/yoast-seo-wordpress\/ -->\n<title>The Counselling Group - Ottawa<\/title>\n<meta name=\"description\" content=\"The Counselling Group offers a full range of counselling and support services for children, individuals, couples and families.\" \/>\n<meta name=\"robots\" content=\"index, follow, max-snippet:-1, max-image-preview:large, max-video-preview:-1\" \/>\n<link rel=\"canonical\" href=\"http:\/\/thecounsellinggroup.com\/\" \/>\n<meta property=\"og:locale\" content=\"fr_FR\" \/>\n<meta property=\"og:type\" content=\"article\" \/>\n<meta property=\"og:title\" content=\"The Counselling Group - Ottawa\" \/>\n<meta property=\"og:description\" content=\"The Counselling Group, offers a full range of counselling and support services for children, individuals, couples and families. We also provide group counselling focused on specific issues, such as anger management or grief.\" \/>\n<meta property=\"og:url\" content=\"http:\/\/thecounsellinggroup.com\/\" \/>\n<meta property=\"og:site_name\" content=\"The Counselling Group\" \/>\n<meta property=\"article:modified_time\" content=\"2025-04-10T17:49:51+00:00\" \/>\n<meta property=\"og:image\" content=\"http:\/\/thecounsellinggroup.com\/wp-content\/uploads\/2014\/05\/header_home.jpg\" \/>\n\t<meta property=\"og:image:width\" content=\"681\" \/>\n\t<meta property=\"og:image:height\" content=\"288\" \/>\n\t<meta property=\"og:image:type\" content=\"image\/jpeg\" \/>\n<meta name=\"twitter:label1\" content=\"Dur\u00e9e de lecture estim\u00e9e\" \/>\n\t<meta name=\"twitter:data1\" content=\"1 minute\" \/>\n<script type=\"application\/ld+json\" class=\"yoast-schema-graph\">{\"@context\":\"https:\\\/\\\/schema.org\",\"@graph\":[{\"@type\":\"WebPage\",\"@id\":\"http:\\\/\\\/thecounsellinggroup.com\\\/\",\"url\":\"http:\\\/\\\/thecounsellinggroup.com\\\/\",\"name\":\"The Counselling Group - Ottawa\",\"isPartOf\":{\"@id\":\"http:\\\/\\\/thecounsellinggroup.com\\\/#website\"},\"primaryImageOfPage\":{\"@id\":\"http:\\\/\\\/thecounsellinggroup.com\\\/#primaryimage\"},\"image\":{\"@id\":\"http:\\\/\\\/thecounsellinggroup.com\\\/#primaryimage\"},\"thumbnailUrl\":\"http:\\\/\\\/thecounsellinggroup.com\\\/wp-content\\\/uploads\\\/2014\\\/05\\\/header_home.jpg\",\"datePublished\":\"2014-05-24T16:41:39+00:00\",\"dateModified\":\"2025-04-10T17:49:51+00:00\",\"description\":\"The Counselling Group offers a full range of counselling and support services for children, individuals, couples and families.\",\"breadcrumb\":{\"@id\":\"http:\\\/\\\/thecounsellinggroup.com\\\/#breadcrumb\"},\"inLanguage\":\"fr-FR\",\"potentialAction\":[{\"@type\":\"ReadAction\",\"target\":[\"http:\\\/\\\/thecounsellinggroup.com\\\/\"]}]},{\"@type\":\"ImageObject\",\"inLanguage\":\"fr-FR\",\"@id\":\"http:\\\/\\\/thecounsellinggroup.com\\\/#primaryimage\",\"url\":\"http:\\\/\\\/thecounsellinggroup.com\\\/wp-content\\\/uploads\\\/2014\\\/05\\\/header_home.jpg\",\"contentUrl\":\"http:\\\/\\\/thecounsellinggroup.com\\\/wp-content\\\/uploads\\\/2014\\\/05\\\/header_home.jpg\",\"width\":681,\"height\":288},{\"@type\":\"BreadcrumbList\",\"@id\":\"http:\\\/\\\/thecounsellinggroup.com\\\/#breadcrumb\",\"itemListElement\":[{\"@type\":\"ListItem\",\"position\":1,\"name\":\"Home\",\"item\":\"http:\\\/\\\/thecounsellinggroup.com\\\/\"},{\"@type\":\"ListItem\",\"position\":2,\"name\":\"Accueil\"}]},{\"@type\":\"WebSite\",\"@id\":\"http:\\\/\\\/thecounsellinggroup.com\\\/#website\",\"url\":\"http:\\\/\\\/thecounsellinggroup.com\\\/\",\"name\":\"The Counselling Group\",\"description\":\"Strengthening. Supporting. Changing.\",\"potentialAction\":[{\"@type\":\"SearchAction\",\"target\":{\"@type\":\"EntryPoint\",\"urlTemplate\":\"http:\\\/\\\/thecounsellinggroup.com\\\/?s={search_term_string}\"},\"query-input\":{\"@type\":\"PropertyValueSpecification\",\"valueRequired\":true,\"valueName\":\"search_term_string\"}}],\"inLanguage\":\"fr-FR\"}]}<\/script>\n<!-- \/ Yoast SEO plugin. -->","yoast_head_json":{"title":"The Counselling Group - Ottawa","description":"The Counselling Group offers a full range of counselling and support services for children, individuals, couples and families.","robots":{"index":"index","follow":"follow","max-snippet":"max-snippet:-1","max-image-preview":"max-image-preview:large","max-video-preview":"max-video-preview:-1"},"canonical":"http:\/\/thecounsellinggroup.com\/","og_locale":"fr_FR","og_type":"article","og_title":"The Counselling Group - Ottawa","og_description":"The Counselling Group, offers a full range of counselling and support services for children, individuals, couples and families. We also provide group counselling focused on specific issues, such as anger management or grief.","og_url":"http:\/\/thecounsellinggroup.com\/","og_site_name":"The Counselling Group","article_modified_time":"2025-04-10T17:49:51+00:00","og_image":[{"width":681,"height":288,"url":"http:\/\/thecounsellinggroup.com\/wp-content\/uploads\/2014\/05\/header_home.jpg","type":"image\/jpeg"}],"twitter_misc":{"Dur\u00e9e de lecture estim\u00e9e":"1 minute"},"schema":{"@context":"https:\/\/schema.org","@graph":[{"@type":"WebPage","@id":"http:\/\/thecounsellinggroup.com\/","url":"http:\/\/thecounsellinggroup.com\/","name":"The Counselling Group - Ottawa","isPartOf":{"@id":"http:\/\/thecounsellinggroup.com\/#website"},"primaryImageOfPage":{"@id":"http:\/\/thecounsellinggroup.com\/#primaryimage"},"image":{"@id":"http:\/\/thecounsellinggroup.com\/#primaryimage"},"thumbnailUrl":"http:\/\/thecounsellinggroup.com\/wp-content\/uploads\/2014\/05\/header_home.jpg","datePublished":"2014-05-24T16:41:39+00:00","dateModified":"2025-04-10T17:49:51+00:00","description":"The Counselling Group offers a full range of counselling and support services for children, individuals, couples and families.","breadcrumb":{"@id":"http:\/\/thecounsellinggroup.com\/#breadcrumb"},"inLanguage":"fr-FR","potentialAction":[{"@type":"ReadAction","target":["http:\/\/thecounsellinggroup.com\/"]}]},{"@type":"ImageObject","inLanguage":"fr-FR","@id":"http:\/\/thecounsellinggroup.com\/#primaryimage","url":"http:\/\/thecounsellinggroup.com\/wp-content\/uploads\/2014\/05\/header_home.jpg","contentUrl":"http:\/\/thecounsellinggroup.com\/wp-content\/uploads\/2014\/05\/header_home.jpg","width":681,"height":288},{"@type":"BreadcrumbList","@id":"http:\/\/thecounsellinggroup.com\/#breadcrumb","itemListElement":[{"@type":"ListItem","position":1,"name":"Home","item":"http:\/\/thecounsellinggroup.com\/"},{"@type":"ListItem","position":2,"name":"Accueil"}]},{"@type":"WebSite","@id":"http:\/\/thecounsellinggroup.com\/#website","url":"http:\/\/thecounsellinggroup.com\/","name":"The Counselling Group","description":"Strengthening. Supporting. Changing.","potentialAction":[{"@type":"SearchAction","target":{"@type":"EntryPoint","urlTemplate":"http:\/\/thecounsellinggroup.com\/?s={search_term_string}"},"query-input":{"@type":"PropertyValueSpecification","valueRequired":true,"valueName":"search_term_string"}}],"inLanguage":"fr-FR"}]}},"_links":{"self":[{"href":"http:\/\/thecounsellinggroup.com\/fr\/wp-json\/wp\/v2\/pages\/1269","targetHints":{"allow":["GET"]}}],"collection":[{"href":"http:\/\/thecounsellinggroup.com\/fr\/wp-json\/wp\/v2\/pages"}],"about":[{"href":"http:\/\/thecounsellinggroup.com\/fr\/wp-json\/wp\/v2\/types\/page"}],"author":[{"embeddable":true,"href":"http:\/\/thecounsellinggroup.com\/fr\/wp-json\/wp\/v2\/users\/6"}],"replies":[{"embeddable":true,"href":"http:\/\/thecounsellinggroup.com\/fr\/wp-json\/wp\/v2\/comments?post=1269"}],"version-history":[{"count":5,"href":"http:\/\/thecounsellinggroup.com\/fr\/wp-json\/wp\/v2\/pages\/1269\/revisions"}],"predecessor-version":[{"id":1541,"href":"http:\/\/thecounsellinggroup.com\/fr\/wp-json\/wp\/v2\/pages\/1269\/revisions\/1541"}],"wp:featuredmedia":[{"embeddable":true,"href":"http:\/\/thecounsellinggroup.com\/fr\/wp-json\/wp\/v2\/media\/1270"}],"wp:attachment":[{"href":"http:\/\/thecounsellinggroup.com\/fr\/wp-json\/wp\/v2\/media?parent=1269"}],"curies":[{"name":"wp","href":"https:\/\/api.w.org\/{rel}","templated":true}]}}