{"id":1276,"date":"2014-05-24T16:42:29","date_gmt":"2014-05-24T16:42:29","guid":{"rendered":"https:\/\/thecounsellinggroup.com\/contact\/"},"modified":"2025-04-10T13:49:51","modified_gmt":"2025-04-10T17:49:51","slug":"contact","status":"publish","type":"page","link":"http:\/\/thecounsellinggroup.com\/fr\/contact\/","title":{"rendered":"Contact"},"content":{"rendered":"<h1 class=\"page_title\">Nous contactez<\/h1>\n<p>Les clients peuvent se r\u00e9f\u00e9rer eux-m\u00eames ou \u00eatre transf\u00e9r\u00e9s par d\u2019autres personnes. Toutes les demandes de counseling seront pr\u00e9sent\u00e9es au directeur des Services de counseling ou \u00e0 notre pr\u00e9pos\u00e9 \u00e0 l\u2019accueil qui vous aidera \u00e0 examiner vos options en mati\u00e8re de service et \u00e0 trouver un th\u00e9rapeute qui vous convient.<\/p>\n<p><span class=\"icon_intake_counsellor\"><img loading=\"lazy\" decoding=\"async\" class=\"alignleft wp-image-108 size-full\" src=\"http:\/\/thecounsellinggroup.com\/wp-content\/uploads\/2014\/05\/icon_intake.jpg\" alt=\"icon_intake\" width=\"38\" height=\"35\" \/><\/span><\/p>\n<p>Travailleur \u00e0 l\u2019accueil<br \/>\n<span class=\"icon_intake_counsellor\">613-722-2225 ext. 352<\/span><\/p>\n<p>Ou utilisez nos formulaires ci-dessous pour prendre rendez-vous ou poser une question.<\/p>\n","protected":false},"excerpt":{"rendered":"<p>Nous contactez Les clients peuvent se r\u00e9f\u00e9rer eux-m\u00eames ou \u00eatre transf\u00e9r\u00e9s par d\u2019autres personnes. Toutes les demandes&#8230;<a class=\"more-link\" href=\"http:\/\/thecounsellinggroup.com\/fr\/contact\/\">Lire la suite &raquo;<\/a><\/p>\n","protected":false},"author":6,"featured_media":0,"parent":0,"menu_order":29,"comment_status":"closed","ping_status":"closed","template":"","meta":{"_acf_changed":false,"footnotes":""},"class_list":["post-1276","page","type-page","status-publish","hentry"],"acf":[],"yoast_head":"<!-- This site is optimized with the Yoast SEO plugin v27.6 - https:\/\/yoast.com\/product\/yoast-seo-wordpress\/ -->\n<title>Contact - The Counselling Group<\/title>\n<meta name=\"robots\" content=\"index, follow, max-snippet:-1, max-image-preview:large, max-video-preview:-1\" \/>\n<link rel=\"canonical\" href=\"http:\/\/thecounsellinggroup.com\/contact\/\" \/>\n<meta property=\"og:locale\" content=\"fr_FR\" \/>\n<meta property=\"og:type\" content=\"article\" \/>\n<meta property=\"og:title\" content=\"Contact - The Counselling Group\" \/>\n<meta property=\"og:description\" content=\"Nous contactez Les clients peuvent se r\u00e9f\u00e9rer eux-m\u00eames ou \u00eatre transf\u00e9r\u00e9s par d\u2019autres personnes. Toutes les demandes...Lire la suite &raquo;\" \/>\n<meta property=\"og:url\" content=\"http:\/\/thecounsellinggroup.com\/contact\/\" \/>\n<meta property=\"og:site_name\" content=\"The Counselling Group\" \/>\n<meta property=\"article:modified_time\" content=\"2025-04-10T17:49:51+00:00\" \/>\n<meta property=\"og:image\" content=\"http:\/\/thecounsellinggroup.com\/wp-content\/uploads\/2014\/05\/icon_intake.jpg\" \/>\n<meta name=\"twitter:label1\" content=\"Dur\u00e9e de lecture estim\u00e9e\" \/>\n\t<meta name=\"twitter:data1\" content=\"1 minute\" \/>\n<script type=\"application\/ld+json\" class=\"yoast-schema-graph\">{\"@context\":\"https:\\\/\\\/schema.org\",\"@graph\":[{\"@type\":\"WebPage\",\"@id\":\"http:\\\/\\\/thecounsellinggroup.com\\\/contact\\\/\",\"url\":\"http:\\\/\\\/thecounsellinggroup.com\\\/contact\\\/\",\"name\":\"Contact - The Counselling Group\",\"isPartOf\":{\"@id\":\"http:\\\/\\\/thecounsellinggroup.com\\\/#website\"},\"primaryImageOfPage\":{\"@id\":\"http:\\\/\\\/thecounsellinggroup.com\\\/contact\\\/#primaryimage\"},\"image\":{\"@id\":\"http:\\\/\\\/thecounsellinggroup.com\\\/contact\\\/#primaryimage\"},\"thumbnailUrl\":\"http:\\\/\\\/thecounsellinggroup.com\\\/wp-content\\\/uploads\\\/2014\\\/05\\\/icon_intake.jpg\",\"datePublished\":\"2014-05-24T16:42:29+00:00\",\"dateModified\":\"2025-04-10T17:49:51+00:00\",\"breadcrumb\":{\"@id\":\"http:\\\/\\\/thecounsellinggroup.com\\\/contact\\\/#breadcrumb\"},\"inLanguage\":\"fr-FR\",\"potentialAction\":[{\"@type\":\"ReadAction\",\"target\":[\"http:\\\/\\\/thecounsellinggroup.com\\\/contact\\\/\"]}]},{\"@type\":\"ImageObject\",\"inLanguage\":\"fr-FR\",\"@id\":\"http:\\\/\\\/thecounsellinggroup.com\\\/contact\\\/#primaryimage\",\"url\":\"http:\\\/\\\/thecounsellinggroup.com\\\/wp-content\\\/uploads\\\/2014\\\/05\\\/icon_intake.jpg\",\"contentUrl\":\"http:\\\/\\\/thecounsellinggroup.com\\\/wp-content\\\/uploads\\\/2014\\\/05\\\/icon_intake.jpg\"},{\"@type\":\"BreadcrumbList\",\"@id\":\"http:\\\/\\\/thecounsellinggroup.com\\\/contact\\\/#breadcrumb\",\"itemListElement\":[{\"@type\":\"ListItem\",\"position\":1,\"name\":\"Home\",\"item\":\"https:\\\/\\\/thecounsellinggroup.com\\\/fr\\\/\"},{\"@type\":\"ListItem\",\"position\":2,\"name\":\"Contact\"}]},{\"@type\":\"WebSite\",\"@id\":\"http:\\\/\\\/thecounsellinggroup.com\\\/#website\",\"url\":\"http:\\\/\\\/thecounsellinggroup.com\\\/\",\"name\":\"The Counselling Group\",\"description\":\"Strengthening. Supporting. Changing.\",\"potentialAction\":[{\"@type\":\"SearchAction\",\"target\":{\"@type\":\"EntryPoint\",\"urlTemplate\":\"http:\\\/\\\/thecounsellinggroup.com\\\/?s={search_term_string}\"},\"query-input\":{\"@type\":\"PropertyValueSpecification\",\"valueRequired\":true,\"valueName\":\"search_term_string\"}}],\"inLanguage\":\"fr-FR\"}]}<\/script>\n<!-- \/ Yoast SEO plugin. -->","yoast_head_json":{"title":"Contact - The Counselling Group","robots":{"index":"index","follow":"follow","max-snippet":"max-snippet:-1","max-image-preview":"max-image-preview:large","max-video-preview":"max-video-preview:-1"},"canonical":"http:\/\/thecounsellinggroup.com\/contact\/","og_locale":"fr_FR","og_type":"article","og_title":"Contact - The Counselling Group","og_description":"Nous contactez Les clients peuvent se r\u00e9f\u00e9rer eux-m\u00eames ou \u00eatre transf\u00e9r\u00e9s par d\u2019autres personnes. Toutes les demandes...Lire la suite &raquo;","og_url":"http:\/\/thecounsellinggroup.com\/contact\/","og_site_name":"The Counselling Group","article_modified_time":"2025-04-10T17:49:51+00:00","og_image":[{"url":"http:\/\/thecounsellinggroup.com\/wp-content\/uploads\/2014\/05\/icon_intake.jpg","type":"","width":"","height":""}],"twitter_misc":{"Dur\u00e9e de lecture estim\u00e9e":"1 minute"},"schema":{"@context":"https:\/\/schema.org","@graph":[{"@type":"WebPage","@id":"http:\/\/thecounsellinggroup.com\/contact\/","url":"http:\/\/thecounsellinggroup.com\/contact\/","name":"Contact - The Counselling Group","isPartOf":{"@id":"http:\/\/thecounsellinggroup.com\/#website"},"primaryImageOfPage":{"@id":"http:\/\/thecounsellinggroup.com\/contact\/#primaryimage"},"image":{"@id":"http:\/\/thecounsellinggroup.com\/contact\/#primaryimage"},"thumbnailUrl":"http:\/\/thecounsellinggroup.com\/wp-content\/uploads\/2014\/05\/icon_intake.jpg","datePublished":"2014-05-24T16:42:29+00:00","dateModified":"2025-04-10T17:49:51+00:00","breadcrumb":{"@id":"http:\/\/thecounsellinggroup.com\/contact\/#breadcrumb"},"inLanguage":"fr-FR","potentialAction":[{"@type":"ReadAction","target":["http:\/\/thecounsellinggroup.com\/contact\/"]}]},{"@type":"ImageObject","inLanguage":"fr-FR","@id":"http:\/\/thecounsellinggroup.com\/contact\/#primaryimage","url":"http:\/\/thecounsellinggroup.com\/wp-content\/uploads\/2014\/05\/icon_intake.jpg","contentUrl":"http:\/\/thecounsellinggroup.com\/wp-content\/uploads\/2014\/05\/icon_intake.jpg"},{"@type":"BreadcrumbList","@id":"http:\/\/thecounsellinggroup.com\/contact\/#breadcrumb","itemListElement":[{"@type":"ListItem","position":1,"name":"Home","item":"https:\/\/thecounsellinggroup.com\/fr\/"},{"@type":"ListItem","position":2,"name":"Contact"}]},{"@type":"WebSite","@id":"http:\/\/thecounsellinggroup.com\/#website","url":"http:\/\/thecounsellinggroup.com\/","name":"The Counselling Group","description":"Strengthening. Supporting. Changing.","potentialAction":[{"@type":"SearchAction","target":{"@type":"EntryPoint","urlTemplate":"http:\/\/thecounsellinggroup.com\/?s={search_term_string}"},"query-input":{"@type":"PropertyValueSpecification","valueRequired":true,"valueName":"search_term_string"}}],"inLanguage":"fr-FR"}]}},"_links":{"self":[{"href":"http:\/\/thecounsellinggroup.com\/fr\/wp-json\/wp\/v2\/pages\/1276","targetHints":{"allow":["GET"]}}],"collection":[{"href":"http:\/\/thecounsellinggroup.com\/fr\/wp-json\/wp\/v2\/pages"}],"about":[{"href":"http:\/\/thecounsellinggroup.com\/fr\/wp-json\/wp\/v2\/types\/page"}],"author":[{"embeddable":true,"href":"http:\/\/thecounsellinggroup.com\/fr\/wp-json\/wp\/v2\/users\/6"}],"replies":[{"embeddable":true,"href":"http:\/\/thecounsellinggroup.com\/fr\/wp-json\/wp\/v2\/comments?post=1276"}],"version-history":[{"count":1,"href":"http:\/\/thecounsellinggroup.com\/fr\/wp-json\/wp\/v2\/pages\/1276\/revisions"}],"predecessor-version":[{"id":1367,"href":"http:\/\/thecounsellinggroup.com\/fr\/wp-json\/wp\/v2\/pages\/1276\/revisions\/1367"}],"wp:attachment":[{"href":"http:\/\/thecounsellinggroup.com\/fr\/wp-json\/wp\/v2\/media?parent=1276"}],"curies":[{"name":"wp","href":"https:\/\/api.w.org\/{rel}","templated":true}]}}